{"id":3052,"date":"2025-05-14T10:18:29","date_gmt":"2025-05-14T03:18:29","guid":{"rendered":"https:\/\/www.dent.psu.ac.th\/unit\/eduen1\/?page_id=3052"},"modified":"2025-09-24T13:06:04","modified_gmt":"2025-09-24T06:06:04","slug":"postgraduate","status":"publish","type":"page","link":"https:\/\/www.dent.psu.ac.th\/unit\/eduen\/index.php\/postgraduate\/","title":{"rendered":"Postgraduate"},"content":{"rendered":"\t\t<div data-elementor-type=\"wp-page\" data-elementor-id=\"3052\" class=\"elementor elementor-3052\">\n\t\t\t\t\t\t<section class=\"elementor-section elementor-top-section elementor-element elementor-element-997a8a0 elementor-section-full_width elementor-section-height-default elementor-section-height-default\" data-id=\"997a8a0\" data-element_type=\"section\" data-settings=\"{&quot;background_background&quot;:&quot;gradient&quot;}\">\n\t\t\t\t\t\t<div class=\"elementor-container elementor-column-gap-default\">\n\t\t\t\t\t<div class=\"elementor-column elementor-col-100 elementor-top-column elementor-element elementor-element-1033e29\" data-id=\"1033e29\" data-element_type=\"column\" data-settings=\"{&quot;background_background&quot;:&quot;classic&quot;}\">\n\t\t\t<div class=\"elementor-widget-wrap elementor-element-populated\">\n\t\t\t\t\t\t<div class=\"elementor-element elementor-element-90e0f84 elementor-widget elementor-widget-spacer\" data-id=\"90e0f84\" data-element_type=\"widget\" data-widget_type=\"spacer.default\">\n\t\t\t\t<div class=\"elementor-widget-container\">\n\t\t\t\t\t\t\t<div class=\"elementor-spacer\">\n\t\t\t<div class=\"elementor-spacer-inner\"><\/div>\n\t\t<\/div>\n\t\t\t\t\t\t<\/div>\n\t\t\t\t<\/div>\n\t\t\t\t<div class=\"elementor-element elementor-element-5aa4022 elementor-widget elementor-widget-eael-fancy-text\" data-id=\"5aa4022\" data-element_type=\"widget\" data-widget_type=\"eael-fancy-text.default\">\n\t\t\t\t<div class=\"elementor-widget-container\">\n\t\t\t\t\t\n\t<div  class=\"eael-fancy-text-container style-1\" data-fancy-text-id=\"5aa4022\" data-fancy-text=\"\" data-fancy-text-transition-type=\"typing\" data-fancy-text-speed=\"50\" data-fancy-text-delay=\"2500\" data-fancy-text-cursor=\"yes\" data-fancy-text-loop=\"yes\" data-fancy-text-action=\"page_load\" >\n\t\t\t\t\t<span class=\"eael-fancy-text-prefix\">PROGRAM <\/span>\n\t\t\n\t\t\n\t\t\t\t\t<span id=\"eael-fancy-text-5aa4022\" class=\"eael-fancy-text-strings solid-color\">\n\t\t\t\t<noscript>\n\t\t\t\t\t\t\t\t\t<\/noscript>\n\t\t\t<\/span>\n\t\t\n\t\t\t<\/div><!-- close .eael-fancy-text-container -->\n\n\t<div class=\"clearfix\"><\/div>\n\n\t\t\t\t\t<\/div>\n\t\t\t\t<\/div>\n\t\t\t\t<div class=\"elementor-element elementor-element-b66933a elementor-widget elementor-widget-heading\" data-id=\"b66933a\" data-element_type=\"widget\" data-widget_type=\"heading.default\">\n\t\t\t\t<div class=\"elementor-widget-container\">\n\t\t\t\t\t<h2 class=\"elementor-heading-title elementor-size-default\">POSGRADUATE<\/h2>\t\t\t\t<\/div>\n\t\t\t\t<\/div>\n\t\t\t\t<div class=\"elementor-element elementor-element-2f40551 elementor-widget elementor-widget-spacer\" data-id=\"2f40551\" data-element_type=\"widget\" data-widget_type=\"spacer.default\">\n\t\t\t\t<div class=\"elementor-widget-container\">\n\t\t\t\t\t\t\t<div class=\"elementor-spacer\">\n\t\t\t<div class=\"elementor-spacer-inner\"><\/div>\n\t\t<\/div>\n\t\t\t\t\t\t<\/div>\n\t\t\t\t<\/div>\n\t\t\t\t\t<\/div>\n\t\t<\/div>\n\t\t\t\t\t<\/div>\n\t\t<\/section>\n\t\t\t\t<section class=\"elementor-section elementor-top-section elementor-element elementor-element-5ad50da elementor-section-boxed elementor-section-height-default elementor-section-height-default elementor-invisible\" data-id=\"5ad50da\" data-element_type=\"section\" data-settings=\"{&quot;animation&quot;:&quot;fadeInDown&quot;}\">\n\t\t\t\t\t\t<div class=\"elementor-container elementor-column-gap-default\">\n\t\t\t\t\t<div class=\"elementor-column elementor-col-100 elementor-top-column elementor-element elementor-element-8364403\" data-id=\"8364403\" data-element_type=\"column\">\n\t\t\t<div class=\"elementor-widget-wrap elementor-element-populated\">\n\t\t\t\t\t\t<div class=\"elementor-element elementor-element-eda86be elementor-widget elementor-widget-image\" data-id=\"eda86be\" data-element_type=\"widget\" data-widget_type=\"image.default\">\n\t\t\t\t<div class=\"elementor-widget-container\">\n\t\t\t\t\t\t\t\t\t\t\t\t\t\t\t\t<a href=\"https:\/\/www.dent.psu.ac.th\/unit\/eduen\/index.php\/phd-oral-health\">\n\t\t\t\t\t\t\t<img fetchpriority=\"high\" decoding=\"async\" width=\"800\" height=\"100\" src=\"https:\/\/www.dent.psu.ac.th\/unit\/eduen\/wp-content\/uploads\/2022\/11\/Copy-of-\u0e2a\u0e33\u0e40\u0e19\u0e32\u0e02\u0e2d\u0e07-Copy-of-Green-Natural-Cosmetic-Shop-Facebook-Cover-500-\u00d7-100-px-500-\u00d7-100-px-800-\u00d7-100-px.gif\" class=\"attachment-large size-large wp-image-1715\" alt=\"\" \/>\t\t\t\t\t\t\t\t<\/a>\n\t\t\t\t\t\t\t\t\t\t\t\t\t\t\t<\/div>\n\t\t\t\t<\/div>\n\t\t\t\t\t<\/div>\n\t\t<\/div>\n\t\t\t\t\t<\/div>\n\t\t<\/section>\n\t\t\t\t<section class=\"elementor-section elementor-top-section elementor-element elementor-element-370e245 elementor-section-boxed elementor-section-height-default elementor-section-height-default elementor-invisible\" data-id=\"370e245\" data-element_type=\"section\" data-settings=\"{&quot;animation&quot;:&quot;fadeInUp&quot;}\">\n\t\t\t\t\t\t<div class=\"elementor-container elementor-column-gap-default\">\n\t\t\t\t\t<div class=\"elementor-column elementor-col-100 elementor-top-column elementor-element elementor-element-eee25a5\" data-id=\"eee25a5\" data-element_type=\"column\">\n\t\t\t<div class=\"elementor-widget-wrap elementor-element-populated\">\n\t\t\t\t\t\t<div class=\"elementor-element elementor-element-5940a98 elementor-widget elementor-widget-image\" data-id=\"5940a98\" data-element_type=\"widget\" data-widget_type=\"image.default\">\n\t\t\t\t<div class=\"elementor-widget-container\">\n\t\t\t\t\t\t\t\t\t\t\t\t\t\t\t\t<a href=\"https:\/\/www.dent.psu.ac.th\/unit\/eduen\/index.php\/ms-oral-health\">\n\t\t\t\t\t\t\t<img decoding=\"async\" width=\"800\" height=\"100\" src=\"https:\/\/www.dent.psu.ac.th\/unit\/eduen\/wp-content\/uploads\/2022\/11\/Copy-of-\u0e2a\u0e33\u0e40\u0e19\u0e32\u0e02\u0e2d\u0e07-Copy-of-Green-Natural-Cosmetic-Shop-Facebook-Cover-500-\u00d7-100-px-500-\u00d7-100-px-800-\u00d7-100-px-1.gif\" class=\"attachment-large size-large wp-image-1716\" alt=\"\" \/>\t\t\t\t\t\t\t\t<\/a>\n\t\t\t\t\t\t\t\t\t\t\t\t\t\t\t<\/div>\n\t\t\t\t<\/div>\n\t\t\t\t\t<\/div>\n\t\t<\/div>\n\t\t\t\t\t<\/div>\n\t\t<\/section>\n\t\t\t\t<section class=\"elementor-section elementor-top-section elementor-element elementor-element-03df8c5 elementor-section-boxed elementor-section-height-default elementor-section-height-default elementor-invisible\" data-id=\"03df8c5\" data-element_type=\"section\" data-settings=\"{&quot;animation&quot;:&quot;fadeInDown&quot;}\">\n\t\t\t\t\t\t<div class=\"elementor-container elementor-column-gap-default\">\n\t\t\t\t\t<div class=\"elementor-column elementor-col-100 elementor-top-column elementor-element elementor-element-38bbe30\" data-id=\"38bbe30\" data-element_type=\"column\">\n\t\t\t<div class=\"elementor-widget-wrap elementor-element-populated\">\n\t\t\t\t\t\t<div class=\"elementor-element elementor-element-bdde4b0 elementor-widget elementor-widget-image\" data-id=\"bdde4b0\" data-element_type=\"widget\" data-widget_type=\"image.default\">\n\t\t\t\t<div class=\"elementor-widget-container\">\n\t\t\t\t\t\t\t\t\t\t\t\t\t\t\t\t<a href=\"https:\/\/www.dent.psu.ac.th\/unit\/eduen\/index.php\/ms-oral-biomaterials\">\n\t\t\t\t\t\t\t<img decoding=\"async\" width=\"800\" height=\"100\" src=\"https:\/\/www.dent.psu.ac.th\/unit\/eduen\/wp-content\/uploads\/2022\/11\/Copy-of-\u0e2a\u0e33\u0e40\u0e19\u0e32\u0e02\u0e2d\u0e07-Copy-of-Green-Natural-Cosmetic-Shop-Facebook-Cover-500-\u00d7-100-px-500-\u00d7-100-px-800-\u00d7-100-px-3.gif\" class=\"attachment-large size-large wp-image-1719\" alt=\"\" \/>\t\t\t\t\t\t\t\t<\/a>\n\t\t\t\t\t\t\t\t\t\t\t\t\t\t\t<\/div>\n\t\t\t\t<\/div>\n\t\t\t\t\t<\/div>\n\t\t<\/div>\n\t\t\t\t\t<\/div>\n\t\t<\/section>\n\t\t\t\t<section class=\"elementor-section elementor-top-section elementor-element elementor-element-33146cb elementor-section-boxed elementor-section-height-default elementor-section-height-default elementor-invisible\" data-id=\"33146cb\" data-element_type=\"section\" data-settings=\"{&quot;animation&quot;:&quot;fadeInUp&quot;}\">\n\t\t\t\t\t\t<div class=\"elementor-container elementor-column-gap-default\">\n\t\t\t\t\t<div class=\"elementor-column elementor-col-100 elementor-top-column elementor-element elementor-element-d053950\" data-id=\"d053950\" data-element_type=\"column\">\n\t\t\t<div class=\"elementor-widget-wrap elementor-element-populated\">\n\t\t\t\t\t\t<div class=\"elementor-element elementor-element-7028023 elementor-widget elementor-widget-image\" data-id=\"7028023\" data-element_type=\"widget\" data-widget_type=\"image.default\">\n\t\t\t\t<div class=\"elementor-widget-container\">\n\t\t\t\t\t\t\t\t\t\t\t\t\t\t\t\t<a href=\"https:\/\/www.dent.psu.ac.th\/unit\/eduen\/index.php\/ms-oral-surgery\">\n\t\t\t\t\t\t\t<img loading=\"lazy\" decoding=\"async\" width=\"800\" height=\"100\" src=\"https:\/\/www.dent.psu.ac.th\/unit\/eduen\/wp-content\/uploads\/2022\/11\/Copy-of-\u0e2a\u0e33\u0e40\u0e19\u0e32\u0e02\u0e2d\u0e07-Copy-of-Green-Natural-Cosmetic-Shop-Facebook-Cover-500-\u00d7-100-px-500-\u00d7-100-px-800-\u00d7-100-px-2.gif\" class=\"attachment-2048x2048 size-2048x2048 wp-image-1718\" alt=\"\" \/>\t\t\t\t\t\t\t\t<\/a>\n\t\t\t\t\t\t\t\t\t\t\t\t\t\t\t<\/div>\n\t\t\t\t<\/div>\n\t\t\t\t\t<\/div>\n\t\t<\/div>\n\t\t\t\t\t<\/div>\n\t\t<\/section>\n\t\t\t\t<section class=\"elementor-section elementor-top-section elementor-element elementor-element-168861d elementor-section-boxed elementor-section-height-default elementor-section-height-default elementor-invisible\" data-id=\"168861d\" data-element_type=\"section\" data-settings=\"{&quot;animation&quot;:&quot;fadeInDown&quot;}\">\n\t\t\t\t\t\t<div class=\"elementor-container elementor-column-gap-default\">\n\t\t\t\t\t<div class=\"elementor-column elementor-col-100 elementor-top-column elementor-element elementor-element-7e63cd6\" data-id=\"7e63cd6\" data-element_type=\"column\">\n\t\t\t<div class=\"elementor-widget-wrap elementor-element-populated\">\n\t\t\t\t\t\t<div class=\"elementor-element elementor-element-035c5ab elementor-widget elementor-widget-image\" data-id=\"035c5ab\" data-element_type=\"widget\" data-widget_type=\"image.default\">\n\t\t\t\t<div class=\"elementor-widget-container\">\n\t\t\t\t\t\t\t\t\t\t\t\t\t\t\t\t<a href=\"https:\/\/www.dent.psu.ac.th\/unit\/eduen\/index.php\/gd-clinical-science\">\n\t\t\t\t\t\t\t<img loading=\"lazy\" decoding=\"async\" width=\"800\" height=\"100\" src=\"https:\/\/www.dent.psu.ac.th\/unit\/eduen\/wp-content\/uploads\/2022\/11\/Copy-of-\u0e2a\u0e33\u0e40\u0e19\u0e32\u0e02\u0e2d\u0e07-Copy-of-Green-Natural-Cosmetic-Shop-Facebook-Cover-500-\u00d7-100-px-500-\u00d7-100-px-800-\u00d7-100-px-5.gif\" class=\"attachment-large size-large wp-image-1721\" alt=\"\" \/>\t\t\t\t\t\t\t\t<\/a>\n\t\t\t\t\t\t\t\t\t\t\t\t\t\t\t<\/div>\n\t\t\t\t<\/div>\n\t\t\t\t\t<\/div>\n\t\t<\/div>\n\t\t\t\t\t<\/div>\n\t\t<\/section>\n\t\t\t\t<\/div>\n\t\t","protected":false},"excerpt":{"rendered":"<p>PROGRAM POSGRADUATE<\/p>\n","protected":false},"author":5,"featured_media":0,"parent":0,"menu_order":0,"comment_status":"closed","ping_status":"closed","template":"","meta":{"footnotes":""},"class_list":{"0":"post-3052","1":"page","2":"type-page","3":"status-publish","5":"col-md-12"},"_links":{"self":[{"href":"https:\/\/www.dent.psu.ac.th\/unit\/eduen\/index.php\/wp-json\/wp\/v2\/pages\/3052","targetHints":{"allow":["GET"]}}],"collection":[{"href":"https:\/\/www.dent.psu.ac.th\/unit\/eduen\/index.php\/wp-json\/wp\/v2\/pages"}],"about":[{"href":"https:\/\/www.dent.psu.ac.th\/unit\/eduen\/index.php\/wp-json\/wp\/v2\/types\/page"}],"author":[{"embeddable":true,"href":"https:\/\/www.dent.psu.ac.th\/unit\/eduen\/index.php\/wp-json\/wp\/v2\/users\/5"}],"replies":[{"embeddable":true,"href":"https:\/\/www.dent.psu.ac.th\/unit\/eduen\/index.php\/wp-json\/wp\/v2\/comments?post=3052"}],"version-history":[{"count":29,"href":"https:\/\/www.dent.psu.ac.th\/unit\/eduen\/index.php\/wp-json\/wp\/v2\/pages\/3052\/revisions"}],"predecessor-version":[{"id":4099,"href":"https:\/\/www.dent.psu.ac.th\/unit\/eduen\/index.php\/wp-json\/wp\/v2\/pages\/3052\/revisions\/4099"}],"wp:attachment":[{"href":"https:\/\/www.dent.psu.ac.th\/unit\/eduen\/index.php\/wp-json\/wp\/v2\/media?parent=3052"}],"curies":[{"name":"wp","href":"https:\/\/api.w.org\/{rel}","templated":true}]}}